{"id":755,"date":"2022-02-17T11:39:58","date_gmt":"2022-02-17T16:39:58","guid":{"rendered":"https:\/\/cgg.ca\/?page_id=755"},"modified":"2022-08-30T13:29:14","modified_gmt":"2022-08-30T17:29:14","slug":"our-museum","status":"publish","type":"page","link":"https:\/\/cgg.ca\/fr_ca\/our-museum\/","title":{"rendered":"Notre mus\u00e9e"},"content":{"rendered":"<div class=\"wpb-content-wrapper\"><div data-vc-full-width=\"true\" data-vc-full-width-init=\"false\" data-stellar-offset-parent=\"true\"  class=\"vc_row wpb_row vc_row-fluid xtd-background--fixed bg-pos-center-bottom bg-no-repeat content-padding vc_custom_1504607792065 vc_row-has-fill vc_row-o-content-middle vc_row-flex\"><div  class=\"wpb_column vc_column_container vc_col-sm-5\"><div class=\"vc_column-inner\" style=\"\" ><div class=\"wpb_wrapper\">\n\t<div class=\"wpb_text_column wpb_content_element\" >\n\t\t<div class=\"wpb_wrapper\">\n\t\t\t<h1 class=\"display-1\"><span style=\"color: #9b2743;\"><small><br \/>\n<\/small><\/span><span style=\"color: #071d49;\">Notre mus\u00e9e<\/span><\/h1>\n<p>Notre mus\u00e9e est un mus\u00e9e r\u00e9gimentaire pleinement accr\u00e9dit\u00e9, \u00e9tabli en vertu des Ordonnances administratives des Forces canadiennes 27-5. Le mus\u00e9e travaille en partenariat avec le Directeur \u2013 Histoire et patrimoine. Il fait partie du Syst\u00e8me des mus\u00e9es des Forces canadiennes.<\/p>\n<p>Situ\u00e9 au Home Station des Canadian Grenadier Guards, au 4171, avenue Esplanade, Montr\u00e9al (Qu\u00e9bec) H2W 1S9, dans l\u2019arrondissement du Plateau\u2013Mont-Royal de Montr\u00e9al.<\/p>\n<p>Le mus\u00e9e a \u00e9t\u00e9 inaugur\u00e9 le 25 novembre 1950 par Son Excellence le Field Marshal, le tr\u00e8s honorable vicomte Alexander de Tunis, K.G., G.C.M.G., C.S.I., D.S.O., M.C., LL.D., Gouverneur g\u00e9n\u00e9ral du Canada et colonel honoraire du R\u00e9giment.<\/p>\n<p>Le Mus\u00e9e des Canadian Grenadier Guards pr\u00e9sente des expositions permanentes et temporaires qui mettent en valeur les contributions longues et importantes que le R\u00e9giment a apport\u00e9es \u00e0 l\u2019histoire militaire du Canada et \u00e0 l\u2019histoire militaire internationale.<\/p>\n<p><a class=\"btn btn-link\" href=\"https:\/\/cgg.ca\/fr_ca\/our-museum\/#learnmore\">En savoir plus<\/a><\/p>\n\n\t\t<\/div>\n\t<\/div>\n<\/div><\/div><\/div><div  class=\"wpb_column vc_column_container vc_col-sm-6 vc_col-sm-offset-1\"><div class=\"vc_column-inner\" style=\"\" ><div class=\"wpb_wrapper\">\n\t<div class=\"wpb_single_image wpb_content_element vc_align_left\">\n\t\t\n\t\t<figure class=\"wpb_wrapper vc_figure\">\n\t\t\t<div class=\"vc_single_image-wrapper   vc_box_border_grey\"><img loading=\"lazy\" decoding=\"async\" width=\"587\" height=\"793\" src=\"https:\/\/cgg.ca\/wp-content\/uploads\/all-museum.png\" class=\"vc_single_image-img attachment-full\" alt=\"\" title=\"all museum\" srcset=\"https:\/\/cgg.ca\/wp-content\/uploads\/all-museum.png 587w, https:\/\/cgg.ca\/wp-content\/uploads\/all-museum-555x750.png 555w, https:\/\/cgg.ca\/wp-content\/uploads\/all-museum-222x300.png 222w\" sizes=\"auto, (max-width: 587px) 100vw, 587px\" \/><\/div>\n\t\t<\/figure>\n\t<\/div>\n<\/div><\/div><\/div><\/div><div class=\"vc_row-full-width vc_clearfix\"><\/div><div id=\"learnmore\" data-stellar-offset-parent=\"true\"  class=\"vc_row wpb_row vc_row-fluid content-padding\"><div  class=\"wpb_column vc_column_container vc_col-sm-12\"><div class=\"vc_column-inner\" style=\"\" ><div class=\"wpb_wrapper\">\n\t<div class=\"wpb_text_column wpb_content_element\" >\n\t\t<div class=\"wpb_wrapper\">\n\t\t\t<h1 class=\"display-2\" style=\"text-align: center;\"><small><br \/>\n<\/small>venez vivre l\u2019histoire <span style=\"color: #9b2743;\">venez apprendre,<\/span>venez vivre l\u2019histoire<\/h1>\n\n\t\t<\/div>\n\t<\/div>\n<\/div><\/div><\/div><\/div><div data-stellar-offset-parent=\"true\"  class=\"vc_row wpb_row vc_row-fluid content-padding vc_custom_1652210633867 vc_row-has-fill\"><div  class=\"wpb_column vc_column_container vc_col-sm-3\"><div class=\"vc_column-inner\" style=\"\" ><div class=\"wpb_wrapper\">\n\t<div class=\"wpb_single_image wpb_content_element vc_align_left   xtd-offset-frame\">\n\t\t\n\t\t<figure class=\"wpb_wrapper vc_figure\">\n\t\t\t<div class=\"vc_single_image-wrapper xtd-shadow--large-normal  vc_box_border_grey\"><img loading=\"lazy\" decoding=\"async\" width=\"400\" height=\"630\" src=\"https:\/\/cgg.ca\/wp-content\/uploads\/museum.png\" class=\"vc_single_image-img attachment-full\" alt=\"\" title=\"museum\" srcset=\"https:\/\/cgg.ca\/wp-content\/uploads\/museum.png 400w, https:\/\/cgg.ca\/wp-content\/uploads\/museum-190x300.png 190w\" sizes=\"auto, (max-width: 400px) 100vw, 400px\" \/><\/div>\n\t\t<\/figure>\n\t<\/div>\n<\/div><\/div><\/div><div  class=\"wpb_column vc_column_container vc_col-sm-9 vc_col-has-fill\"><div class=\"vc_column-inner vc_custom_1652210711614\" style=\"\" ><div class=\"wpb_wrapper\">\n\t<div class=\"wpb_text_column wpb_content_element vc_custom_1652198045851\" >\n\t\t<div class=\"wpb_wrapper\">\n\t\t\t<h1 class=\"display-2\">L\u2019\u00e9quipe du mus\u00e9e<\/h1>\n<p>Depuis plus de soixante-dix ans, le mus\u00e9e a r\u00e9uni une collection v\u00e9ritablement impressionnante de souvenirs et d\u2019art\u00e9facts militaires couvrant la p\u00e9riode de 1764 jusqu\u2019\u00e0 la participation du Canada en Afghanistan.<br \/>\nMettre en valeur nos collections d\u2019art\u00e9facts, de photographies et de documents d\u2019archives afin que les chercheurs puissent y avoir acc\u00e8s, et surtout permettre \u00e0 ceux qui souhaitent examiner la vie sur le front int\u00e9rieur ainsi que les r\u00e9alisations importantes et le r\u00f4le essentiel que le R\u00e9giment a jou\u00e9 tant en temps de guerre que lors des missions de maintien de la paix.<\/p>\n<p>Enrichir notre collection gr\u00e2ce aux dons, en partageant l\u2019histoire de notre R\u00e9giment de 1764 \u00e0 aujourd\u2019hui.<\/p>\n<h2>Notre \u00e9quipe<\/h2>\n<ul>\n<li>Brian Tracey Curator<\/li>\n<li>Michael Hayes-Rivet, Collections,<\/li>\n<li>Jesse Carlivaris, Photo Library and Archival Documentation,<\/li>\n<li>John Dolbec, Historian<\/li>\n<\/ul>\n<h1 class=\"display-2\"><small>\u00a0<\/small><\/h1>\n\n\t\t<\/div>\n\t<\/div>\n<\/div><\/div><\/div><\/div><div data-stellar-offset-parent=\"true\"  class=\"vc_row wpb_row vc_row-fluid content-padding-lg\"><div  class=\"wpb_column vc_column_container vc_col-sm-3\"><div class=\"vc_column-inner\" style=\"\" ><div class=\"wpb_wrapper\"><\/div><\/div><\/div><div  class=\"wpb_column vc_column_container vc_col-sm-6\"><div class=\"vc_column-inner\" style=\"\" ><div class=\"wpb_wrapper\">\n\t<div class=\"wpb_text_column wpb_content_element\" >\n\t\t<div class=\"wpb_wrapper\">\n\t\t\t<h2 class=\"display-3 special-title\" style=\"text-align: center;\"><span style=\"color: #071d49;\">Virtual tour<\/span><\/h2>\n\n\t\t<\/div>\n\t<\/div>\n\n\t<div class=\"wpb_text_column wpb_content_element\" >\n\t\t<div class=\"wpb_wrapper\">\n\t\t\t<h3 style=\"text-align: center;\">Take a walk through our museum of exhibitions, explore artefacts, and immerse yourself in the Museum<\/h3>\n\n\t\t<\/div>\n\t<\/div>\n<\/div><\/div><\/div><div  class=\"wpb_column vc_column_container vc_col-sm-3\"><div class=\"vc_column-inner\" style=\"\" ><div class=\"wpb_wrapper\"><\/div><\/div><\/div><div  class=\"wpb_column vc_column_container vc_col-sm-12\"><div class=\"vc_column-inner\" style=\"\" ><div class=\"wpb_wrapper\">\n\t<div class=\"wpb_single_image wpb_content_element vc_align_center\">\n\t\t\n\t\t<figure class=\"wpb_wrapper vc_figure\">\n\t\t\t<div class=\"vc_single_image-wrapper   vc_box_border_grey\"><img loading=\"lazy\" decoding=\"async\" width=\"1020\" height=\"691\" src=\"https:\/\/cgg.ca\/wp-content\/uploads\/Group-195.png\" class=\"vc_single_image-img attachment-full\" alt=\"\" title=\"Group 195\" srcset=\"https:\/\/cgg.ca\/wp-content\/uploads\/Group-195.png 1020w, https:\/\/cgg.ca\/wp-content\/uploads\/Group-195-300x203.png 300w, https:\/\/cgg.ca\/wp-content\/uploads\/Group-195-768x520.png 768w, https:\/\/cgg.ca\/wp-content\/uploads\/Group-195-600x406.png 600w, https:\/\/cgg.ca\/wp-content\/uploads\/Group-195-750x508.png 750w\" sizes=\"auto, (max-width: 1020px) 100vw, 1020px\" \/><\/div>\n\t\t<\/figure>\n\t<\/div>\n<\/div><\/div><\/div><div  class=\"wpb_column vc_column_container vc_col-sm-12\"><div class=\"vc_column-inner\" style=\"\" ><div class=\"wpb_wrapper\">\n\t<div class=\"wpb_text_column wpb_content_element\" >\n\t\t<div class=\"wpb_wrapper\">\n\t\t\t<h1>Notre<\/h1>\n<h1>Collection<\/h1>\n<h3>Parcourez la collection en ligne des objets les plus reconnaissables et les plus impressionnants du Mus\u00e9e.<\/h3>\n\n\t\t<\/div>\n\t<\/div>\n\n\t<div class=\"wpb_raw_code wpb_raw_html wpb_content_element\" >\n\t\t<div class=\"wpb_wrapper\">\n\t\t\t<iframe style=\"border: none; width: 100%; height: 700px; box-sizing: border-box;\" src=\"https:\/\/hub.catalogit.app\/iframe\/7470\"><\/iframe>\n\t\t<\/div>\n\t<\/div>\n<\/div><\/div><\/div><\/div><div data-stellar-offset-parent=\"true\"  class=\"vc_row wpb_row vc_row-fluid content-padding\"><div  class=\"wpb_column vc_column_container vc_col-sm-12\"><div class=\"vc_column-inner\" style=\"\" ><div class=\"wpb_wrapper\"><div class=\"vc_row wpb_row vc_inner vc_row-fluid\"><div class=\"wpb_column vc_column_container vc_col-sm-3\"><div class=\"vc_column-inner\"><div class=\"wpb_wrapper\"><\/div><\/div><\/div><div class=\"wpb_column vc_column_container vc_col-sm-6\"><div class=\"vc_column-inner\"><div class=\"wpb_wrapper\">\n\t<div class=\"wpb_text_column wpb_content_element\" >\n\t\t<div class=\"wpb_wrapper\">\n\t\t\t<h1 class=\"special-title style=\" style=\"text-align: center;\">Dons<\/h1>\n\n\t\t<\/div>\n\t<\/div>\n<\/div><\/div><\/div><div class=\"wpb_column vc_column_container vc_col-sm-3\"><div class=\"vc_column-inner\"><div class=\"wpb_wrapper\"><\/div><\/div><\/div><\/div><div class=\"vc_row wpb_row vc_inner vc_row-fluid\"><div class=\"wpb_column vc_column_container vc_col-sm-6\"><div class=\"vc_column-inner\"><div class=\"wpb_wrapper\">\n\t<div class=\"wpb_single_image wpb_content_element vc_align_center  vc_custom_1645129024905  xtd-offset-frame\">\n\t\t\n\t\t<figure class=\"wpb_wrapper vc_figure\">\n\t\t\t<div class=\"vc_single_image-wrapper   vc_box_border_grey\"><img loading=\"lazy\" decoding=\"async\" width=\"304\" height=\"404\" src=\"https:\/\/cgg.ca\/wp-content\/uploads\/doantions.png\" class=\"vc_single_image-img attachment-full\" alt=\"\" title=\"doantions\" srcset=\"https:\/\/cgg.ca\/wp-content\/uploads\/doantions.png 304w, https:\/\/cgg.ca\/wp-content\/uploads\/doantions-226x300.png 226w\" sizes=\"auto, (max-width: 304px) 100vw, 304px\" \/><\/div>\n\t\t<\/figure>\n\t<\/div>\n<\/div><\/div><\/div><div class=\"wpb_column vc_column_container vc_col-sm-6\"><div class=\"vc_column-inner\"><div class=\"wpb_wrapper\">\n\t<div class=\"wpb_text_column wpb_content_element\" >\n\t\t<div class=\"wpb_wrapper\">\n\t\t\t<h3>Donate Artefacts<\/h3>\n<p>We are always interested in acquiring new items for our collection. Of particular interest are medals, uniforms, equipment, photographs and documents relating directly to the long history of The Canadian Grenadier Guards.<\/p>\n<p>We accept donations of more general military artefacts if they fit within our collection, as well as books relating to the military. We also accept some military firearms and are fully licensed to handle prohibited weapons.<\/p>\n<p>If you would like to make a donation, please send us an email at <a href=\"mailto:MUSEUM@CGG.CA\"><span style=\"color: #9b2743;\"><strong>MUSEUM@CGG.CA<\/strong><\/span><\/a>\u00a0to arrange the details. Please do not drop off items at the armoury without contacting us first.<\/p>\n<p>Our museum is a registered charity and is able to issue a charitable tax receipt for donations valued in excess of $100.<\/p>\n\n\t\t<\/div>\n\t<\/div>\n<\/div><\/div><\/div><\/div><\/div><\/div><\/div><\/div><div data-stellar-offset-parent=\"true\"  class=\"vc_row wpb_row vc_row-fluid content-padding\"><div  class=\"wpb_column vc_column_container vc_col-sm-4\"><div class=\"vc_column-inner\" style=\"\" ><div class=\"wpb_wrapper\"><\/div><\/div><\/div><div  class=\"wpb_column vc_column_container vc_col-sm-4\"><div class=\"vc_column-inner\" style=\"\" ><div class=\"wpb_wrapper\">\n\t<div class=\"wpb_text_column wpb_content_element\" >\n\t\t<div class=\"wpb_wrapper\">\n\t\t\t<h3 style=\"text-align: center;\">Make a Financial Donation:<\/h3>\n<p style=\"text-align: center;\">Museum conservation &amp; archival materials are expensive. If you are able to make a financial donation, you will be helping us to both preserve our history and to acquire rare items that occasionally appear in the collector&#8217;s market. Every donation helps. Financial donation above $20 dollars a Canadian charitable tax receipt will be issued.<\/p>\n\n\t\t<\/div>\n\t<\/div>\n<div class=\"vc_btn3-container vc_btn3-center vc_do_btn\" ><a class=\"vc_general vc_btn3 vc_btn3-size-md vc_btn3-shape-rounded vc_btn3-style-btn-primary vc_btn3-color-grey\" href=\"https:\/\/cgg.ca\/fr_ca\/donate\/\" title=\"\">DONATE NOW<\/a><\/div><\/div><\/div><\/div><div  class=\"wpb_column vc_column_container vc_col-sm-4\"><div class=\"vc_column-inner\" style=\"\" ><div class=\"wpb_wrapper\"><\/div><\/div><\/div><\/div><div id=\"getting-here\" data-stellar-offset-parent=\"true\"  class=\"vc_row wpb_row vc_row-fluid content-padding vc_custom_1504541122574\"><div  class=\"wpb_column vc_column_container vc_col-sm-12\"><div class=\"vc_column-inner\" style=\"\" ><div class=\"wpb_wrapper\">\n\t<div class=\"wpb_text_column wpb_content_element\" >\n\t\t<div class=\"wpb_wrapper\">\n\t\t\t<h1 class=\"display-2 special-title\" style=\"text-align: center;\">Comment vous rendre<\/h1>\n\n\t\t<\/div>\n\t<\/div>\n<\/div><\/div><\/div><div  class=\"wpb_column vc_column_container vc_col-sm-10 vc_col-sm-offset-1\"><div class=\"vc_column-inner\" style=\"\" ><div class=\"wpb_wrapper\">\n\t<div class=\"wpb_text_column wpb_content_element\" >\n\t\t<div class=\"wpb_wrapper\">\n\t\t\t<p><iframe loading=\"lazy\" style=\"border: 0;\" src=\"https:\/\/www.google.com\/maps\/embed?pb=!1m18!1m12!1m3!1d2795.5320473322913!2d-73.59318108434938!3d45.519497937772655!2m3!1f0!2f0!3f0!3m2!1i1024!2i768!4f13.1!3m3!1m2!1s0x4cc91bd4aa7a6c37%3A0x4507c7bf6ceb631d!2s4711%20Av.%20de%20l'Esplanade%2C%20Montr%C3%A9al%2C%20QC%20H2T%202Y6!5e0!3m2!1sen!2sca!4v1659042098680!5m2!1sen!2sca\" width=\"1200\" height=\"600\" allowfullscreen=\"allowfullscreen\"><\/iframe><\/p>\n\n\t\t<\/div>\n\t<\/div>\n<div class=\"vc_empty_space  xtd-spacer--xl\"   style=\"height: 2rem\"><span class=\"vc_empty_space_inner\"><\/span><\/div><div class=\"vc_row wpb_row vc_inner vc_row-fluid vc_column-gap-35\"><div class=\"wpb_column vc_column_container vc_col-sm-6\"><div class=\"vc_column-inner vc_custom_1496332454267\"><div class=\"wpb_wrapper\">\n\t<div class=\"wpb_single_image wpb_content_element vc_align_center   xtd-offset-frame\">\n\t\t\n\t\t<figure class=\"wpb_wrapper vc_figure\">\n\t\t\t<div class=\"vc_single_image-wrapper   vc_box_border_grey\"><img loading=\"lazy\" decoding=\"async\" width=\"334\" height=\"188\" src=\"https:\/\/cgg.ca\/wp-content\/uploads\/museum-4.png\" class=\"vc_single_image-img attachment-full\" alt=\"\" title=\"museum 4\" srcset=\"https:\/\/cgg.ca\/wp-content\/uploads\/museum-4.png 334w, https:\/\/cgg.ca\/wp-content\/uploads\/museum-4-300x169.png 300w\" sizes=\"auto, (max-width: 334px) 100vw, 334px\" \/><\/div>\n\t\t<\/figure>\n\t<\/div>\n<\/div><\/div><\/div><div class=\"wpb_column vc_column_container vc_col-sm-6\"><div class=\"vc_column-inner vc_custom_1496332459319\"><div class=\"wpb_wrapper\">\n\t<div class=\"wpb_text_column wpb_content_element\" >\n\t\t<div class=\"wpb_wrapper\">\n\t\t\t<h3>Opening Hours:<\/h3>\n<h3>Tuesdays 14:00 to 21:00 hrs<\/h3>\n<p>All other days by <span style=\"color: #9b2743;\"><strong>appointment<\/strong><\/span><\/p>\n\n\t\t<\/div>\n\t<\/div>\n\n\t<div class=\"wpb_text_column wpb_content_element redtext\" >\n\t\t<div class=\"wpb_wrapper\">\n\t\t\t<p><img loading=\"lazy\" decoding=\"async\" class=\"size-full wp-image-336 alignleft\" src=\"https:\/\/cgg.ca\/wp-content\/uploads\/location.png\" alt=\"\" width=\"19\" height=\"28\" \/> <span style=\"color: #9b2743;\">4171 AV DE L\u2019ESPLANADE, MONTREAL, QUEBEC, H2W 1S9<\/span><\/p>\n\n\t\t<\/div>\n\t<\/div>\n<div class=\"vc_empty_space\"   style=\"height: 32px\"><span class=\"vc_empty_space_inner\"><\/span><\/div>\n\t<div class=\"wpb_text_column wpb_content_element redtext\" >\n\t\t<div class=\"wpb_wrapper\">\n\t\t\t<p><img loading=\"lazy\" decoding=\"async\" class=\"wp-image-342 size-full alignleft\" src=\"https:\/\/cgg.ca\/wp-content\/uploads\/mail.png\" alt=\"\" width=\"24\" height=\"17\" \/><a href=\"mailto:MUSEUM@CGG.CA\"><span style=\"color: #9b2743;\"> MUSEUM@CGG.CA<\/span><\/a><\/p>\n\n\t\t<\/div>\n\t<\/div>\n<div class=\"vc_empty_space\"   style=\"height: 32px\"><span class=\"vc_empty_space_inner\"><\/span><\/div><\/div><\/div><\/div><\/div><\/div><\/div><\/div><\/div>\n<\/div>","protected":false},"excerpt":{"rendered":"Our Museum Our Museum is a fully accredited Regimental Museum established under the authority of the Canadian Forces Administrative Orders 27-5. The Museum works in partnership with the Director of History and Heritage. The Museum is part of the Canadian Forces Museum System. Located at Canadian Grenadier Guards Home Station, 4171 Esplanade Avenue, Montreal, QC H2W1S9, in the Plateau Mont [...]","protected":false},"author":1,"featured_media":0,"parent":0,"menu_order":0,"comment_status":"closed","ping_status":"closed","template":"","meta":{"give_campaign_id":0,"pmpro_default_level":"","_price":"","_stock":"","_tribe_ticket_header":"","_tribe_default_ticket_provider":"","_tribe_ticket_capacity":"0","_ticket_start_date":"","_ticket_end_date":"","_tribe_ticket_show_description":"","_tribe_ticket_show_not_going":false,"_tribe_ticket_use_global_stock":"","_tribe_ticket_global_stock_level":"","_global_stock_mode":"","_global_stock_cap":"","_tribe_rsvp_for_event":"","_tribe_ticket_going_count":"","_tribe_ticket_not_going_count":"","_tribe_tickets_list":"[]","_tribe_ticket_has_attendee_info_fields":false,"footnotes":"","_tec_slr_enabled":"","_tec_slr_layout":""},"class_list":["post-755","page","type-page","status-publish","hentry","pmpro-has-access"],"campaignId":"","ticketed":false,"_links":{"self":[{"href":"https:\/\/cgg.ca\/fr_ca\/wp-json\/wp\/v2\/pages\/755","targetHints":{"allow":["GET"]}}],"collection":[{"href":"https:\/\/cgg.ca\/fr_ca\/wp-json\/wp\/v2\/pages"}],"about":[{"href":"https:\/\/cgg.ca\/fr_ca\/wp-json\/wp\/v2\/types\/page"}],"author":[{"embeddable":true,"href":"https:\/\/cgg.ca\/fr_ca\/wp-json\/wp\/v2\/users\/1"}],"replies":[{"embeddable":true,"href":"https:\/\/cgg.ca\/fr_ca\/wp-json\/wp\/v2\/comments?post=755"}],"version-history":[{"count":35,"href":"https:\/\/cgg.ca\/fr_ca\/wp-json\/wp\/v2\/pages\/755\/revisions"}],"predecessor-version":[{"id":10737,"href":"https:\/\/cgg.ca\/fr_ca\/wp-json\/wp\/v2\/pages\/755\/revisions\/10737"}],"wp:attachment":[{"href":"https:\/\/cgg.ca\/fr_ca\/wp-json\/wp\/v2\/media?parent=755"}],"curies":[{"name":"wp","href":"https:\/\/api.w.org\/{rel}","templated":true}]}}