{"id":452,"date":"2022-02-08T13:08:05","date_gmt":"2022-02-08T18:08:05","guid":{"rendered":"https:\/\/cgg.ca\/?page_id=452"},"modified":"2024-09-21T13:56:54","modified_gmt":"2024-09-21T17:56:54","slug":"the-regimental-family","status":"publish","type":"page","link":"https:\/\/cgg.ca\/fr_ca\/the-regimental-family\/","title":{"rendered":"La famille r\u00e9gimentaire"},"content":{"rendered":"<div class=\"wpb-content-wrapper\"><div data-vc-full-width=\"true\" data-vc-full-width-init=\"false\" data-stellar-offset-parent=\"true\"  class=\"vc_row wpb_row vc_row-fluid content-padding-xl vc_custom_1644343834629 vc_row-has-fill\"><div  class=\"wpb_column vc_column_container vc_col-sm-12\"><div class=\"vc_column-inner\" style=\"\" ><div class=\"wpb_wrapper\"><div class=\"vc_empty_space\"   style=\"height: 60px\"><span class=\"vc_empty_space_inner\"><\/span><\/div>\n\t<div class=\"wpb_text_column wpb_content_element\" >\n\t\t<div class=\"wpb_wrapper\">\n\t\t\t<h2 class=\"special-title style=\" style=\"text-align: center;\"><span style=\"color: #071d49;\">La famille r\u00e9gimentaire<\/span><\/h2>\n\n\t\t<\/div>\n\t<\/div>\n<div class=\"vc_row wpb_row vc_inner vc_row-fluid\"><div class=\"wpb_column vc_column_container vc_col-sm-4\"><div class=\"vc_column-inner\"><div class=\"wpb_wrapper\">\n\t<div class=\"wpb_single_image wpb_content_element vc_align_center   xtd-offset-frame\">\n\t\t\n\t\t<figure class=\"wpb_wrapper vc_figure\">\n\t\t\t<div class=\"vc_single_image-wrapper   vc_box_border_grey\"><img loading=\"lazy\" decoding=\"async\" width=\"266\" height=\"288\" src=\"https:\/\/cgg.ca\/wp-content\/uploads\/its-prrpose.png\" class=\"vc_single_image-img attachment-full\" alt=\"\" title=\"its prrpose\" \/><\/div>\n\t\t<\/figure>\n\t<\/div>\n<\/div><\/div><\/div><div class=\"wpb_column vc_column_container vc_col-sm-4\"><div class=\"vc_column-inner\"><div class=\"wpb_wrapper\">\n\t<div class=\"wpb_text_column wpb_content_element\" >\n\t\t<div class=\"wpb_wrapper\">\n\t\t\t<h3>Son objectif<\/h3>\n\n\t\t<\/div>\n\t<\/div>\n\n\t<div class=\"wpb_text_column wpb_content_element\" >\n\t\t<div class=\"wpb_wrapper\">\n\t\t\t<p>Les Canadian Grenadier Guards, en tant que r\u00e9giment de la Maison militaire, servent le Souverain et l\u2019\u00c9tat par un service militaire exemplaire, promeuvent la r\u00e9putation des Forces arm\u00e9es canadiennes, contribuent positivement au tissu social<\/p>\n\n\t\t<\/div>\n\t<\/div>\n<\/div><\/div><\/div><div class=\"wpb_column vc_column_container vc_col-sm-4\"><div class=\"vc_column-inner\"><div class=\"wpb_wrapper\"><div class=\"vc_empty_space\"   style=\"height: 80px\"><span class=\"vc_empty_space_inner\"><\/span><\/div>\n\t<div class=\"wpb_text_column wpb_content_element\" >\n\t\t<div class=\"wpb_wrapper\">\n\t\t\t<p>du Canada en formant de bons citoyens et des leaders, maintiennent des liens avec les communaut\u00e9s o\u00f9 vivent et travaillent les Grenadiers et les servent, et inspirent les autres par leur exemple.<\/p>\n\n\t\t<\/div>\n\t<\/div>\n<\/div><\/div><\/div><\/div><\/div><\/div><\/div><\/div><div class=\"vc_row-full-width vc_clearfix\"><\/div><div data-stellar-offset-parent=\"true\"  class=\"vc_row wpb_row vc_row-fluid content-padding\"><div  class=\"wpb_column vc_column_container vc_col-sm-2\"><div class=\"vc_column-inner\" style=\"\" ><div class=\"wpb_wrapper\"><\/div><\/div><\/div><div  class=\"wpb_column vc_column_container vc_col-sm-8\"><div class=\"vc_column-inner\" style=\"\" ><div class=\"wpb_wrapper\">\n\t<div class=\"wpb_text_column wpb_content_element\" >\n\t\t<div class=\"wpb_wrapper\">\n\t\t\t<h2 class=\"display-3 special-title\" style=\"text-align: center;\">Ce que nous apportons<\/h2>\n\n\t\t<\/div>\n\t<\/div>\n<div class=\"vc_row wpb_row vc_inner vc_row-fluid\"><div class=\"wpb_column vc_column_container vc_col-sm-6\"><div class=\"vc_column-inner\"><div class=\"wpb_wrapper\">\n\t<div class=\"wpb_text_column wpb_content_element\" >\n\t\t<div class=\"wpb_wrapper\">\n\t\t\t<p>Nous ajoutons de la valeur en cr\u00e9ant des synergies et en favorisant la coh\u00e9sion entre les \u00e9l\u00e9ments et les individus de la communaut\u00e9 des Grenadiers<\/p>\n<p>Nous assurons le service militaire obligatoire n\u00e9cessaire pour accomplir les t\u00e2ches et missions dirig\u00e9es et assign\u00e9es au R\u00e9giment par les Forces arm\u00e9es canadiennes et la cha\u00eene de commandement de l\u2019Arm\u00e9e.<\/p>\n<p>Nous offrons un service militaire discr\u00e9tionnaire au profit du public ou \u00e0 l\u2019appui des objectifs du R\u00e9giment.<\/p>\n\n\t\t<\/div>\n\t<\/div>\n<\/div><\/div><\/div><div class=\"wpb_column vc_column_container vc_col-sm-6\"><div class=\"vc_column-inner\"><div class=\"wpb_wrapper\">\n\t<div class=\"wpb_text_column wpb_content_element\" >\n\t\t<div class=\"wpb_wrapper\">\n\t\t\t<p>Nous accomplissons des fonctions typiques d\u2019un r\u00e9giment de la Maison militaire (Guards), telles que:<\/p>\n<ul>\n<li>Force de protection du Souverain<\/li>\n<li>Fonctions c\u00e9r\u00e9moniales publiques pour le Souverain, le Gouverneur g\u00e9n\u00e9ral ou \u00e0 l\u2019appui de l\u2019\u00c9tat<\/li>\n<li>Spectacle militaire public qui cr\u00e9e une perception de la capacit\u00e9, de la pr\u00e9cision et de la discipline des Forces arm\u00e9es canadiennes, et qui suscite la fiert\u00e9 au sein de la population canadienne.<\/li>\n<\/ul>\n\n\t\t<\/div>\n\t<\/div>\n<\/div><\/div><\/div><\/div>\n\t<div class=\"wpb_text_column wpb_content_element\" >\n\t\t<div class=\"wpb_wrapper\">\n\t\t\t<p>Nous favorisons la connaissance de l\u2019histoire, des coutumes, des traditions et des activit\u00e9s actuelles du R\u00e9giment, ainsi que de la valeur qu\u2019ils apportent \u00e0 la soci\u00e9t\u00e9, au moyen d\u2019expositions, d\u2019\u00e9v\u00e9nements sociaux, de communications, de conf\u00e9rences et d\u2019autres moyens, de mani\u00e8re \u00e0 promouvoir une image positive du R\u00e9giment et, par extension, une image positive des Forces arm\u00e9es canadiennes.<\/p>\n<p>Essentiellement, nous accomplissons toutes les fonctions \u2014 militaires et non militaires \u2014 selon un standard exemplaire, conform\u00e9ment aux valeurs d\u2019un r\u00e9giment de la Maison militaire (Guards).<\/p>\n\n\t\t<\/div>\n\t<\/div>\n\n\t<div class=\"wpb_text_column wpb_content_element\" >\n\t\t<div class=\"wpb_wrapper\">\n\t\t\t<h3 style=\"text-align: center;\"><strong><em>Nous inspirons les autres par l\u2019exemple<\/em><\/strong><\/h3>\n\n\t\t<\/div>\n\t<\/div>\n<\/div><\/div><\/div><div  class=\"wpb_column vc_column_container vc_col-sm-2\"><div class=\"vc_column-inner\" style=\"\" ><div class=\"wpb_wrapper\"><\/div><\/div><\/div><\/div><div data-vc-full-width=\"true\" data-vc-full-width-init=\"false\" data-stellar-offset-parent=\"true\"  class=\"vc_row wpb_row vc_row-fluid content-padding vc_custom_1644856332899 vc_row-has-fill\"><div  class=\"wpb_column vc_column_container vc_col-sm-12\"><div class=\"vc_column-inner\" style=\"\" ><div class=\"wpb_wrapper\">\n\t<div class=\"wpb_text_column wpb_content_element\" >\n\t\t<div class=\"wpb_wrapper\">\n\t\t\t<h2 class=\"display-3 special-title\" style=\"text-align: center;\">Structure<\/h2>\n\n\t\t<\/div>\n\t<\/div>\n\n\t<div class=\"wpb_text_column wpb_content_element\" >\n\t\t<div class=\"wpb_wrapper\">\n\t\t\t<h3 style=\"text-align: center;\">La famille r\u00e9gimentaire<\/h3>\n\n\t\t<\/div>\n\t<\/div>\n\n\t<div class=\"wpb_single_image wpb_content_element vc_align_center    onclick-img_link_large\">\n\t\t\n\t\t<figure class=\"wpb_wrapper vc_figure\">\n\t\t\t<div class=\"vc_single_image-wrapper   vc_box_border_grey\"><\/div>\n\t\t<\/figure>\n\t<\/div>\n<\/div><\/div><\/div><\/div><div class=\"vc_row-full-width vc_clearfix\"><\/div><div data-vc-full-width=\"true\" data-vc-full-width-init=\"false\" data-stellar-offset-parent=\"true\"  class=\"vc_row wpb_row vc_row-fluid content-padding vc_custom_1644856350381 vc_row-has-fill\"><div  class=\"wpb_column vc_column_container vc_col-sm-12\"><div class=\"vc_column-inner\" style=\"\" ><div class=\"wpb_wrapper\">\n\t<div class=\"wpb_text_column wpb_content_element\" >\n\t\t<div class=\"wpb_wrapper\">\n\t\t\t<h2 class=\"special-title style=\" style=\"text-align: center;\">Les \u201camis\u201d du R\u00e9giment<\/h2>\n\n\t\t<\/div>\n\t<\/div>\n\n\t<div class=\"wpb_single_image wpb_content_element vc_align_center    onclick-link_image\">\n\t\t\n\t\t<figure class=\"wpb_wrapper vc_figure\">\n\t\t\t<a data-rel=\"\" href=\"https:\/\/cgg.ca\/wp-content\/uploads\/friends-of-the-regiment-1-1024x742.png\" target=\"_self\" class=\"vc_single_image-wrapper   vc_box_border_grey ct-lightbox\"><img loading=\"lazy\" decoding=\"async\" width=\"1027\" height=\"744\" src=\"https:\/\/cgg.ca\/wp-content\/uploads\/friends-of-the-regiment-1.png\" class=\"vc_single_image-img attachment-full\" alt=\"\" title=\"friends of the regiment\" srcset=\"https:\/\/cgg.ca\/wp-content\/uploads\/friends-of-the-regiment-1.png 1027w, https:\/\/cgg.ca\/wp-content\/uploads\/friends-of-the-regiment-1-750x543.png 750w, https:\/\/cgg.ca\/wp-content\/uploads\/friends-of-the-regiment-1-600x435.png 600w, https:\/\/cgg.ca\/wp-content\/uploads\/friends-of-the-regiment-1-300x217.png 300w, https:\/\/cgg.ca\/wp-content\/uploads\/friends-of-the-regiment-1-1024x742.png 1024w, https:\/\/cgg.ca\/wp-content\/uploads\/friends-of-the-regiment-1-768x556.png 768w\" sizes=\"auto, (max-width: 1027px) 100vw, 1027px\" \/><\/a>\n\t\t<\/figure>\n\t<\/div>\n<\/div><\/div><\/div><\/div><div class=\"vc_row-full-width vc_clearfix\"><\/div>\n<\/div>","protected":false},"excerpt":{"rendered":"The Regimental Family Its purpose The Canadian Grenadier Guards, as a Household Regiment, serves The Sovereign and The State through exemplary military service, promotes the reputation of the Canadian Armed Forces, positively impacts the social fabric of Canada by developing good citizens and leaders, connects with and serves the communities where Grenadiers live and work, and inspires others through its [...]","protected":false},"author":1,"featured_media":0,"parent":0,"menu_order":0,"comment_status":"closed","ping_status":"closed","template":"","meta":{"give_campaign_id":0,"pmpro_default_level":"","_price":"","_stock":"","_tribe_ticket_header":"","_tribe_default_ticket_provider":"","_tribe_ticket_capacity":"0","_ticket_start_date":"","_ticket_end_date":"","_tribe_ticket_show_description":"","_tribe_ticket_show_not_going":false,"_tribe_ticket_use_global_stock":"","_tribe_ticket_global_stock_level":"","_global_stock_mode":"","_global_stock_cap":"","_tribe_rsvp_for_event":"","_tribe_ticket_going_count":"","_tribe_ticket_not_going_count":"","_tribe_tickets_list":"[]","_tribe_ticket_has_attendee_info_fields":false,"footnotes":"","_tec_slr_enabled":"","_tec_slr_layout":""},"class_list":["post-452","page","type-page","status-publish","hentry","pmpro-has-access"],"campaignId":"","ticketed":false,"_links":{"self":[{"href":"https:\/\/cgg.ca\/fr_ca\/wp-json\/wp\/v2\/pages\/452","targetHints":{"allow":["GET"]}}],"collection":[{"href":"https:\/\/cgg.ca\/fr_ca\/wp-json\/wp\/v2\/pages"}],"about":[{"href":"https:\/\/cgg.ca\/fr_ca\/wp-json\/wp\/v2\/types\/page"}],"author":[{"embeddable":true,"href":"https:\/\/cgg.ca\/fr_ca\/wp-json\/wp\/v2\/users\/1"}],"replies":[{"embeddable":true,"href":"https:\/\/cgg.ca\/fr_ca\/wp-json\/wp\/v2\/comments?post=452"}],"version-history":[{"count":19,"href":"https:\/\/cgg.ca\/fr_ca\/wp-json\/wp\/v2\/pages\/452\/revisions"}],"predecessor-version":[{"id":3336,"href":"https:\/\/cgg.ca\/fr_ca\/wp-json\/wp\/v2\/pages\/452\/revisions\/3336"}],"wp:attachment":[{"href":"https:\/\/cgg.ca\/fr_ca\/wp-json\/wp\/v2\/media?parent=452"}],"curies":[{"name":"wp","href":"https:\/\/api.w.org\/{rel}","templated":true}]}}