{"id":389,"date":"2022-02-07T11:55:45","date_gmt":"2022-02-07T16:55:45","guid":{"rendered":"https:\/\/cgg.ca\/?page_id=389"},"modified":"2024-12-14T13:54:00","modified_gmt":"2024-12-14T18:54:00","slug":"cgg-association","status":"publish","type":"page","link":"https:\/\/cgg.ca\/fr_ca\/cgg-association\/","title":{"rendered":"Association CGG"},"content":{"rendered":"<div class=\"wpb-content-wrapper\"><div data-vc-full-width=\"true\" data-vc-full-width-init=\"false\" data-stellar-offset-parent=\"true\"  class=\"vc_row wpb_row vc_row-fluid xtd-background--fixed bg-pos-center-bottom bg-no-repeat content-padding vc_custom_1504607792065 vc_row-has-fill vc_row-o-content-middle vc_row-flex\"><div  class=\"wpb_column vc_column_container vc_col-sm-5\"><div class=\"vc_column-inner\" style=\"\" ><div class=\"wpb_wrapper\">\n\t<div class=\"wpb_text_column wpb_content_element\" >\n\t\t<div class=\"wpb_wrapper\">\n\t\t\t<h1 class=\"display-1\"><small>Notre objectif<\/small><span style=\"color: #071d49;\">Association CGG<\/span><\/h1>\n<ul class=\"purpose-list\">\n<li>Maintenir le contact avec tous les membres de la famille du r\u00e9giment, pass\u00e9s et pr\u00e9sents. Favoriser la connexion et la camaraderie entre les Grenadiers.<\/li>\n<li>Encourager et promouvoir l'engagement actif des anciens membres en service avec la famille du r\u00e9giment<\/li>\n<li>Exploiter et utiliser les talents, l'\u00e9nergie et les ressources financi\u00e8res disponibles pour offrir des services et promouvoir le bien-\u00eatre des Grenadiers, des communaut\u00e9s dans lesquelles ils vivent, et de la soci\u00e9t\u00e9 canadienne dans son ensemble.<\/li>\n<li>Contribuer \u00e0 la pr\u00e9servation de l'histoire et des traditions des Grenadiers canadiens, en collaboration avec les autres membres de la famille du r\u00e9giment.<\/li>\n<\/ul>\n\n\t\t<\/div>\n\t<\/div>\n<\/div><\/div><\/div><div  class=\"wpb_column vc_column_container vc_col-sm-6 vc_col-sm-offset-1\"><div class=\"vc_column-inner\" style=\"\" ><div class=\"wpb_wrapper\">\n\t<div class=\"wpb_single_image wpb_content_element vc_align_center  vc_custom_1645031531943  xtd-offset-frame\">\n\t\t\n\t\t<figure class=\"wpb_wrapper vc_figure\">\n\t\t\t<div class=\"vc_single_image-wrapper   vc_box_border_grey\"><img loading=\"lazy\" decoding=\"async\" width=\"335\" height=\"276\" src=\"https:\/\/cgg.ca\/wp-content\/uploads\/Gcc-association.png\" class=\"vc_single_image-img attachment-full\" alt=\"\" title=\"Gcc association\" srcset=\"https:\/\/cgg.ca\/wp-content\/uploads\/Gcc-association.png 335w, https:\/\/cgg.ca\/wp-content\/uploads\/Gcc-association-300x247.png 300w\" sizes=\"auto, (max-width: 335px) 100vw, 335px\" \/><\/div>\n\t\t<\/figure>\n\t<\/div>\n<\/div><\/div><\/div><\/div><div class=\"vc_row-full-width vc_clearfix\"><\/div><div data-stellar-offset-parent=\"true\"  class=\"vc_row wpb_row vc_row-fluid content-padding-lg\"><div  class=\"wpb_column vc_column_container vc_col-sm-6\"><div class=\"vc_column-inner\" style=\"\" ><div class=\"wpb_wrapper\">\n\t<div class=\"wpb_text_column wpb_content_element\" >\n\t\t<div class=\"wpb_wrapper\">\n\t\t\t<h1><span style=\"color: #071d49;\">A propos de nous<\/span><\/h1>\n\n\t\t<\/div>\n\t<\/div>\n\n\t<div class=\"wpb_text_column wpb_content_element xtd-padding--right-2\" >\n\t\t<div class=\"wpb_wrapper\">\n\t\t\t<p>The Association has been established with its own hierarchy, including Branches, It has a National Executive with Chapters located in<\/p>\n<ul>\n<li>Montr\u00e9al<\/li>\n<li>Ottawa, et<\/li>\n<li>Toronto<\/li>\n<\/ul>\n<p><a href=\"https:\/\/cgga.ca\/content.aspx?page_id=22&amp;club_id=385793&amp;module_id=488331\">En savoir plus<\/a><\/p>\n\n\t\t<\/div>\n\t<\/div>\n\n\t<div class=\"wpb_text_column wpb_content_element\" >\n\t\t<div class=\"wpb_wrapper\">\n\t\t\t<p><a href=\"https:\/\/www.facebook.com\/groups\/2422979587\"><img loading=\"lazy\" decoding=\"async\" class=\"wp-image-536 alignleft\" src=\"https:\/\/cgg.ca\/wp-content\/uploads\/FACEBOOK2.png\" alt=\"\" width=\"15\" height=\"30\" \/><\/a>\u2002\u2002<a href=\"https:\/\/www.linkedin.com\/company\/the-canadian-grenadier-guards\/\"><img loading=\"lazy\" decoding=\"async\" class=\"\" style=\"font-family: -apple-system, BlinkMacSystemFont, 'Segoe UI', Roboto, 'Helvetica Neue', Arial, sans-serif; font-size: 1rem;\" src=\"https:\/\/cgg.ca\/wp-content\/uploads\/in.png\" width=\"25\" height=\"27\" \/><\/a><\/p>\n\n\t\t<\/div>\n\t<\/div>\n<\/div><\/div><\/div><div  class=\"wpb_column vc_column_container vc_col-sm-6\"><div class=\"vc_column-inner\" style=\"\" ><div class=\"wpb_wrapper\">\n\t<div class=\"wpb_single_image wpb_content_element vc_align_left\">\n\t\t\n\t\t<figure class=\"wpb_wrapper vc_figure\">\n\t\t\t<div class=\"vc_single_image-wrapper   vc_box_border_grey\"><img loading=\"lazy\" decoding=\"async\" width=\"573\" height=\"639\" src=\"https:\/\/cgg.ca\/wp-content\/uploads\/about-us-3.png\" class=\"vc_single_image-img attachment-full\" alt=\"\" title=\"about us 3\" srcset=\"https:\/\/cgg.ca\/wp-content\/uploads\/about-us-3.png 573w, https:\/\/cgg.ca\/wp-content\/uploads\/about-us-3-269x300.png 269w\" sizes=\"auto, (max-width: 573px) 100vw, 573px\" \/><\/div>\n\t\t<\/figure>\n\t<\/div>\n<\/div><\/div><\/div><\/div><div id=\"news\" data-stellar-offset-parent=\"true\"  class=\"vc_row wpb_row vc_row-fluid content-padding\"><div  class=\"wpb_column vc_column_container vc_col-sm-12\"><div class=\"vc_column-inner\" style=\"\" ><div class=\"wpb_wrapper\">\n\t<div class=\"wpb_text_column wpb_content_element\" >\n\t\t<div class=\"wpb_wrapper\">\n\t\t\t<h1 class=\"display-3 special-title\" style=\"text-align: center;\">Les nouveaux et les membres existants de l'Association<\/h1>\n\n\t\t<\/div>\n\t<\/div>\n<div class=\"vc_row wpb_row vc_inner vc_row-fluid\"><div class=\"wpb_column vc_column_container vc_col-sm-1\/5\"><div class=\"vc_column-inner\"><div class=\"wpb_wrapper\"><\/div><\/div><\/div><div class=\"wpb_column vc_column_container vc_col-sm-1\/5\"><div class=\"vc_column-inner\"><div class=\"wpb_wrapper\"><\/div><\/div><\/div><div class=\"wpb_column vc_column_container vc_col-sm-1\/5\"><div class=\"vc_column-inner\"><div class=\"wpb_wrapper\"><div class=\"vc_btn3-container vc_btn3-center vc_do_btn\" ><a class=\"vc_general vc_btn3 vc_btn3-size-md vc_btn3-shape-square vc_btn3-style-btn-outline-primary vc_btn3-block vc_btn3-color-blue\" href=\"https:\/\/cgga.ca\/\" title=\"En savoir plus\">Cliquez ici pour entrer dans le portail<\/a><\/div><\/div><\/div><\/div><div class=\"wpb_column vc_column_container vc_col-sm-1\/5\"><div class=\"vc_column-inner\"><div class=\"wpb_wrapper\"><\/div><\/div><\/div><div class=\"wpb_column vc_column_container vc_col-sm-1\/5\"><div class=\"vc_column-inner\"><div class=\"wpb_wrapper\"><\/div><\/div><\/div><\/div><\/div><\/div><\/div><\/div>\n<\/div>","protected":false},"excerpt":{"rendered":"OUR PURPOSECGG Association To maintain contact with all members of The Regimental family, past and present.To foster connection and comradery between Grenadiers. To encourage and promote the active engagement of past-serving members with The Regimental family. To harness and utilize available talent, energy and financial resources, to provide service to, and promote the welfare of fellow Grenadiers, the communities in [...]","protected":false},"author":1,"featured_media":0,"parent":0,"menu_order":0,"comment_status":"closed","ping_status":"closed","template":"","meta":{"give_campaign_id":0,"pmpro_default_level":"","_price":"","_stock":"","_tribe_ticket_header":"","_tribe_default_ticket_provider":"","_tribe_ticket_capacity":"0","_ticket_start_date":"","_ticket_end_date":"","_tribe_ticket_show_description":"","_tribe_ticket_show_not_going":false,"_tribe_ticket_use_global_stock":"","_tribe_ticket_global_stock_level":"","_global_stock_mode":"","_global_stock_cap":"","_tribe_rsvp_for_event":"","_tribe_ticket_going_count":"","_tribe_ticket_not_going_count":"","_tribe_tickets_list":"[]","_tribe_ticket_has_attendee_info_fields":false,"footnotes":"","_tec_slr_enabled":"","_tec_slr_layout":""},"class_list":["post-389","page","type-page","status-publish","hentry","pmpro-has-access"],"campaignId":"","ticketed":false,"_links":{"self":[{"href":"https:\/\/cgg.ca\/fr_ca\/wp-json\/wp\/v2\/pages\/389","targetHints":{"allow":["GET"]}}],"collection":[{"href":"https:\/\/cgg.ca\/fr_ca\/wp-json\/wp\/v2\/pages"}],"about":[{"href":"https:\/\/cgg.ca\/fr_ca\/wp-json\/wp\/v2\/types\/page"}],"author":[{"embeddable":true,"href":"https:\/\/cgg.ca\/fr_ca\/wp-json\/wp\/v2\/users\/1"}],"replies":[{"embeddable":true,"href":"https:\/\/cgg.ca\/fr_ca\/wp-json\/wp\/v2\/comments?post=389"}],"version-history":[{"count":50,"href":"https:\/\/cgg.ca\/fr_ca\/wp-json\/wp\/v2\/pages\/389\/revisions"}],"predecessor-version":[{"id":3657,"href":"https:\/\/cgg.ca\/fr_ca\/wp-json\/wp\/v2\/pages\/389\/revisions\/3657"}],"wp:attachment":[{"href":"https:\/\/cgg.ca\/fr_ca\/wp-json\/wp\/v2\/media?parent=389"}],"curies":[{"name":"wp","href":"https:\/\/api.w.org\/{rel}","templated":true}]}}