{"id":303,"date":"2022-02-03T12:54:08","date_gmt":"2022-02-03T17:54:08","guid":{"rendered":"https:\/\/cgg.ca\/?page_id=303"},"modified":"2025-05-07T05:27:56","modified_gmt":"2025-05-07T09:27:56","slug":"regimental-scholarships-and-bursaries-rsb","status":"publish","type":"page","link":"https:\/\/cgg.ca\/fr_ca\/regimental-scholarships-and-bursaries-rsb\/","title":{"rendered":"Bourses d\u2019\u00e9tudes et autres bourses r\u00e9gimentaires"},"content":{"rendered":"<div class=\"wpb-content-wrapper\"><div data-stellar-offset-parent=\"true\"  class=\"vc_row wpb_row vc_row-fluid content-padding\"><div  class=\"wpb_column vc_column_container vc_col-sm-12\"><div class=\"vc_column-inner\" style=\"\" ><div class=\"wpb_wrapper\"><div class=\"vc_row wpb_row vc_inner vc_row-fluid\"><div class=\"wpb_column vc_column_container vc_col-sm-2\"><div class=\"vc_column-inner\"><div class=\"wpb_wrapper\"><\/div><\/div><\/div><div class=\"wpb_column vc_column_container vc_col-sm-8\"><div class=\"vc_column-inner\"><div class=\"wpb_wrapper\">\n\t<div class=\"wpb_text_column wpb_content_element\" >\n\t\t<div class=\"wpb_wrapper\">\n\t\t\t<h1 class=\"special-title style=\" style=\"text-align: center;\">Bourses d\u2019\u00e9tudes et autres bourses r\u00e9gimentaires<\/h1>\n\n\t\t<\/div>\n\t<\/div>\n<\/div><\/div><\/div><div class=\"wpb_column vc_column_container vc_col-sm-2\"><div class=\"vc_column-inner\"><div class=\"wpb_wrapper\"><\/div><\/div><\/div><\/div><div class=\"vc_row wpb_row vc_inner vc_row-fluid\"><div class=\"wpb_column vc_column_container vc_col-sm-3\"><div class=\"vc_column-inner\"><div class=\"wpb_wrapper\"><\/div><\/div><\/div><div class=\"wpb_column vc_column_container vc_col-sm-6\"><div class=\"vc_column-inner\"><div class=\"wpb_wrapper\">\n\t<div class=\"wpb_text_column wpb_content_element\" >\n\t\t<div class=\"wpb_wrapper\">\n\t\t\t<p style=\"text-align: center;\">La Fondation CGG attribue des bourses d'\u00e9tudes et autres bourses r\u00e9gimentaires jusqu'\u00e0 un maximum de <strong><span style=\"color: #9b2743;\">10,000.00$ par ann\u00e9e<\/span>,<\/strong> aux candidats les plus m\u00e9ritants, sous r\u00e9serve de disponibilit\u00e9 des fonds.<\/p>\n<p style=\"text-align: center;\">Les membres actifs du r\u00e9giment, les anciens combattants qui ont servi dans le r\u00e9giment avec distinction, son corps de cadets affili\u00e9 et leurs personnes \u00e0 charge imm\u00e9diates qui sont inscrites \u00e0 des \u00e9tudes postsecondaires peuvent pr\u00e9senter une demande.<\/p>\n\n\t\t<\/div>\n\t<\/div>\n<\/div><\/div><\/div><div class=\"wpb_column vc_column_container vc_col-sm-3\"><div class=\"vc_column-inner\"><div class=\"wpb_wrapper\"><\/div><\/div><\/div><\/div><\/div><\/div><\/div><\/div><div data-stellar-offset-parent=\"true\"  class=\"vc_row wpb_row vc_row-fluid content-padding\"><div  class=\"wpb_column vc_column_container vc_col-sm-6\"><div class=\"vc_column-inner\" style=\"\" ><div class=\"wpb_wrapper\">\n\t<div class=\"wpb_text_column wpb_content_element\" >\n\t\t<div class=\"wpb_wrapper\">\n\t\t\t<h3><span style=\"color: #071d49;\">\u00c0 ce jour, quatre types de bourses sont accord\u00e9es:<\/span><\/h3>\n\n\t\t<\/div>\n\t<\/div>\n\n\t<div class=\"wpb_text_column wpb_content_element\" >\n\t\t<div class=\"wpb_wrapper\">\n\t\t\t<ul>\n<li>La bourse J.F. Young VC pour l'\u00e9ducation dans le domaine des sciences de la sant\u00e9, des cours postsecondaires ou des m\u00e9tiers, La famille r\u00e9gimentaire des Canadian Grenadier Guards.<\/li>\n<li>La bourse Terry Whitty pour ceux qui servent avec le Corps de cadets des Canadian Grenadier Guards, \u00e9tudes postsecondaires.<\/li>\n<li>L'Association canadienne des Grenadier Guards, bourse d'\u00e9tudes pour les familles des anciens combattants ayant  servi avec les Canadian Grenadier Guards et leurs personnes \u00e0 charge, \u00e9tudes postsecondaires.<\/li>\n<li>La bourse Guardsman Basil Leblanc pour les membres actifs des Canadian Grenadier Guards et leurs personnes \u00e0 charge, \u00e9tudes postsecondaires.<\/li>\n<\/ul>\n\n\t\t<\/div>\n\t<\/div>\n\n\t<div class=\"wpb_text_column wpb_content_element\" >\n\t\t<div class=\"wpb_wrapper\">\n\t\t\t<p>Le formulaire de demande est accessible ici.<br \/>\n<a style=\"color: #9b2743; font-weight: bold;\" href=\"https:\/\/cgg.ca\/fr_ca\/scholarship-application\/\">ici<\/a>Il doit \u00eatre soumis au plus tard le 30 septembre de chaque ann\u00e9e. Les laur\u00e9ats seront annonc\u00e9s lors du d\u00eener de No\u00ebl r\u00e9gimental, traditionnellement tenu chaque ann\u00e9e \u00e0 la fin novembre ou au d\u00e9but d\u00e9cembre.<\/p>\n<p><a style=\"display: inline-block; background-color: #9b2743; color: white; padding: 10px 20px; border-radius: 5px; text-decoration: none; font-weight: bold;\" href=\"https:\/\/cgg.ca\/fr_ca\/scholarship-application\/\"><br \/>\nPostulez ici.<br \/>\n<\/a><\/p>\n\n\t\t<\/div>\n\t<\/div>\n<\/div><\/div><\/div><div  class=\"wpb_column vc_column_container vc_col-sm-6\"><div class=\"vc_column-inner\" style=\"\" ><div class=\"wpb_wrapper\">\n\t<div class=\"wpb_text_column wpb_content_element vc_custom_1645119536897\" >\n\t\t<div class=\"wpb_wrapper\">\n\t\t\t<h3><span style=\"color: #071d49;\">D\u00e9claration d'activit\u00e9s:<\/span><\/h3>\n\n\t\t<\/div>\n\t<\/div>\n\n\t<div class=\"wpb_text_column wpb_content_element\" >\n\t\t<div class=\"wpb_wrapper\">\n\t\t\t<ul>\n<li>Recevoir, g\u00e9rer et d\u00e9bourser les sommes re\u00e7ues par le biais de dons et de legs des membres de la famille r\u00e9gimentaire, de la communaut\u00e9 des affaires et des amis du r\u00e9giment;<\/li>\n<li>\u00a0Pour constituer un fonds de bourses d'\u00e9tudes qui offre des bourses d'\u00e9tudes et \/ ou des bourses aux membres m\u00e9ritants des programmes d\u00e9crits ci-dessus;<\/li>\n<li>Toutes les bourses d\u2019\u00e9tudes seront accord\u00e9es sur la base du m\u00e9rite et les autres bourses sur la base du besoin, tel que d\u00e9termin\u00e9 par les membres du conseil d'administration de la Fondation, sur la recommandation du conseil d'administration des entit\u00e9s de la famille r\u00e9gimentaire.<\/li>\n<\/ul>\n\n\t\t<\/div>\n\t<\/div>\n<\/div><\/div><\/div><\/div>\n<\/div>","protected":false},"excerpt":{"rendered":"Regimental Scholarships and Bursaries (RSB) The CGG Foundation awards Regimental Scholarships and Bursaries up to a maximum bursary of $10,000.00 annually, to the most deserving applicants, subject to the availability of funds. Serving members of the Regiment, Veterans who served in the Regiment with Distinction, its affiliated Cadet Corp and their immediate dependants who are enrolled in post-secondary education are [...]","protected":false},"author":1,"featured_media":0,"parent":0,"menu_order":0,"comment_status":"closed","ping_status":"closed","template":"","meta":{"give_campaign_id":0,"pmpro_default_level":"","_price":"","_stock":"","_tribe_ticket_header":"","_tribe_default_ticket_provider":"","_tribe_ticket_capacity":"0","_ticket_start_date":"","_ticket_end_date":"","_tribe_ticket_show_description":"","_tribe_ticket_show_not_going":false,"_tribe_ticket_use_global_stock":"","_tribe_ticket_global_stock_level":"","_global_stock_mode":"","_global_stock_cap":"","_tribe_rsvp_for_event":"","_tribe_ticket_going_count":"","_tribe_ticket_not_going_count":"","_tribe_tickets_list":"[]","_tribe_ticket_has_attendee_info_fields":false,"footnotes":"","_tec_slr_enabled":"","_tec_slr_layout":""},"class_list":["post-303","page","type-page","status-publish","hentry","pmpro-has-access"],"campaignId":"","ticketed":false,"_links":{"self":[{"href":"https:\/\/cgg.ca\/fr_ca\/wp-json\/wp\/v2\/pages\/303","targetHints":{"allow":["GET"]}}],"collection":[{"href":"https:\/\/cgg.ca\/fr_ca\/wp-json\/wp\/v2\/pages"}],"about":[{"href":"https:\/\/cgg.ca\/fr_ca\/wp-json\/wp\/v2\/types\/page"}],"author":[{"embeddable":true,"href":"https:\/\/cgg.ca\/fr_ca\/wp-json\/wp\/v2\/users\/1"}],"replies":[{"embeddable":true,"href":"https:\/\/cgg.ca\/fr_ca\/wp-json\/wp\/v2\/comments?post=303"}],"version-history":[{"count":23,"href":"https:\/\/cgg.ca\/fr_ca\/wp-json\/wp\/v2\/pages\/303\/revisions"}],"predecessor-version":[{"id":3892,"href":"https:\/\/cgg.ca\/fr_ca\/wp-json\/wp\/v2\/pages\/303\/revisions\/3892"}],"wp:attachment":[{"href":"https:\/\/cgg.ca\/fr_ca\/wp-json\/wp\/v2\/media?parent=303"}],"curies":[{"name":"wp","href":"https:\/\/api.w.org\/{rel}","templated":true}]}}