{"id":294,"date":"2022-02-03T12:35:34","date_gmt":"2022-02-03T17:35:34","guid":{"rendered":"https:\/\/cgg.ca\/?page_id=294"},"modified":"2023-01-30T18:36:18","modified_gmt":"2023-01-30T23:36:18","slug":"guide-to-assistance-for-grenadiers","status":"publish","type":"page","link":"https:\/\/cgg.ca\/fr_ca\/guide-to-assistance-for-grenadiers\/","title":{"rendered":"Guide d\u2019assistance aux Grenadiers"},"content":{"rendered":"<div class=\"wpb-content-wrapper\"><div data-stellar-offset-parent=\"true\"  class=\"vc_row wpb_row vc_row-fluid content-padding\"><div  class=\"wpb_column vc_column_container vc_col-sm-12\"><div class=\"vc_column-inner\" style=\"\" ><div class=\"wpb_wrapper\"><div class=\"vc_row wpb_row vc_inner vc_row-fluid\"><div class=\"wpb_column vc_column_container vc_col-sm-2\"><div class=\"vc_column-inner\"><div class=\"wpb_wrapper\"><\/div><\/div><\/div><div class=\"wpb_column vc_column_container vc_col-sm-8\"><div class=\"vc_column-inner\"><div class=\"wpb_wrapper\">\n\t<div class=\"wpb_text_column wpb_content_element\" >\n\t\t<div class=\"wpb_wrapper\">\n\t\t\t<h1 class=\"special-title style=\" style=\"text-align: center;\">Guide d\u2019assistance aux Grenadiers<\/h1>\n\n\t\t<\/div>\n\t<\/div>\n<\/div><\/div><\/div><div class=\"wpb_column vc_column_container vc_col-sm-2\"><div class=\"vc_column-inner\"><div class=\"wpb_wrapper\"><\/div><\/div><\/div><\/div><div class=\"vc_row wpb_row vc_inner vc_row-fluid\"><div class=\"wpb_column vc_column_container vc_col-sm-3\"><div class=\"vc_column-inner\"><div class=\"wpb_wrapper\"><\/div><\/div><\/div><div class=\"wpb_column vc_column_container vc_col-sm-6\"><div class=\"vc_column-inner\"><div class=\"wpb_wrapper\">\n\t<div class=\"wpb_text_column wpb_content_element\" >\n\t\t<div class=\"wpb_wrapper\">\n\t\t\t<p style=\"text-align: center;\"><span style=\"color: #071d49;\"><strong>Rev (April, 2018)<\/strong><\/span><\/p>\n<p style=\"text-align: center;\">Outre l\u2019assistance fournie par la Fondation CGG, il existe plusieurs autres programmes offerts par les FAC et des organismes de bienfaisance qui soutiennent les Grenadiers en service et anciens.  Les informations relativement \u00e0 ces sources de soutien sont d\u00e9taill\u00e9es ci-dessous.<\/p>\n\n\t\t<\/div>\n\t<\/div>\n<\/div><\/div><\/div><div class=\"wpb_column vc_column_container vc_col-sm-3\"><div class=\"vc_column-inner\"><div class=\"wpb_wrapper\"><\/div><\/div><\/div><\/div><\/div><\/div><\/div><\/div><div data-stellar-offset-parent=\"true\"  class=\"vc_row wpb_row vc_row-fluid content-padding\"><div  class=\"wpb_column vc_column_container vc_col-sm-6\"><div class=\"vc_column-inner\" style=\"\" ><div class=\"wpb_wrapper\">\n\t<div class=\"wpb_text_column wpb_content_element\" >\n\t\t<div class=\"wpb_wrapper\">\n\t\t\t<h2><span style=\"color: #071d49;\">Services Bien-\u00eatre et moral force canadiennes (SBMFC)<\/span><\/h2>\n\n\t\t<\/div>\n\t<\/div>\n\n\t<div class=\"wpb_text_column wpb_content_element\" >\n\t\t<div class=\"wpb_wrapper\">\n\t\t\t<p><a href=\"http:\/\/www.cfmws.com\"><span style=\"color: #9b2743;\"><strong>www.cfmws.com<\/strong><\/span><\/a><\/p>\n\n\t\t<\/div>\n\t<\/div>\n\n\t<div class=\"wpb_text_column wpb_content_element\" >\n\t\t<div class=\"wpb_wrapper\">\n\t\t\t<p>CFMWS administers The Canadian Forces Personnel Assistance Fund (CFPAF), which provides financial assistance (low interest loans or grants) to members of the CAF who have completed at least one year of service and veterans. CFMWS also provides a wide number of other services, from student loans to insurance to store discounts, for serving members, veterans and their families. A directory of those services can be found <a href=\"https:\/\/www.cfmws.com\/en\/OurServices\/ServicesDirectory\/Pages\/default.aspx\">ici<\/a>. Assistance in accessing or understanding these services should be sought through the Orderly Room, communicating with the Regimental Padre, the CGG Association or Guards Club Executive.<\/p>\n\n\t\t<\/div>\n\t<\/div>\n<\/div><\/div><\/div><div  class=\"wpb_column vc_column_container vc_col-sm-6\"><div class=\"vc_column-inner\" style=\"\" ><div class=\"wpb_wrapper\">\n\t<div class=\"wpb_single_image wpb_content_element vc_align_center   xtd-offset-frame\">\n\t\t\n\t\t<figure class=\"wpb_wrapper vc_figure\">\n\t\t\t<div class=\"vc_single_image-wrapper   vc_box_border_grey\"><img loading=\"lazy\" decoding=\"async\" width=\"436\" height=\"186\" src=\"https:\/\/cgg.ca\/wp-content\/uploads\/CFMWS-photo.png\" class=\"vc_single_image-img attachment-full\" alt=\"\" title=\"CFMWS photo\" srcset=\"https:\/\/cgg.ca\/wp-content\/uploads\/CFMWS-photo.png 436w, https:\/\/cgg.ca\/wp-content\/uploads\/CFMWS-photo-300x128.png 300w\" sizes=\"auto, (max-width: 436px) 100vw, 436px\" \/><\/div>\n\t\t<\/figure>\n\t<\/div>\n<\/div><\/div><\/div><\/div><div data-stellar-offset-parent=\"true\"  class=\"vc_row wpb_row vc_row-fluid content-padding\"><div  class=\"wpb_column vc_column_container vc_col-sm-6\"><div class=\"vc_column-inner\" style=\"\" ><div class=\"wpb_wrapper\">\n\t<div class=\"wpb_single_image wpb_content_element vc_align_center  vc_custom_1645650567147  xtd-offset-frame\">\n\t\t\n\t\t<figure class=\"wpb_wrapper vc_figure\">\n\t\t\t<div class=\"vc_single_image-wrapper   vc_box_border_grey\"><img loading=\"lazy\" decoding=\"async\" width=\"300\" height=\"162\" src=\"https:\/\/cgg.ca\/wp-content\/uploads\/member-assistance-program-image.png\" class=\"vc_single_image-img attachment-full\" alt=\"\" title=\"member assistance program-image\" \/><\/div>\n\t\t<\/figure>\n\t<\/div>\n<\/div><\/div><\/div><div  class=\"wpb_column vc_column_container vc_col-sm-6\"><div class=\"vc_column-inner\" style=\"\" ><div class=\"wpb_wrapper\">\n\t<div class=\"wpb_text_column wpb_content_element\" >\n\t\t<div class=\"wpb_wrapper\">\n\t\t\t<h2><span style=\"color: #071d49;\"> Programme d'aide aux membres <\/span><\/h2>\n\n\t\t<\/div>\n\t<\/div>\n\n\t<div class=\"wpb_text_column wpb_content_element\" >\n\t\t<div class=\"wpb_wrapper\">\n\t\t\t<p>Le programme d'aide aux membres des Forces canadiennes (PAM FC) est un partenariat entre le minist\u00e8re de la D\u00e9fense nationale et les Services d\u2019aide aux employ\u00e9s de la Direction des mesures d\u2019urgence et de sant\u00e9 au travail de Sant\u00e9 Canada. Le PAMFC offre des services confidentiels de relation d\u2019aide \u00e0 court terme, sur une base volontaire, afin d\u2019aider les militaires et leur famille imm\u00e9diate \u00e0 r\u00e9soudre bon nombre des facteurs de stress d\u2019aujourd\u2019hui qui se manifestent \u00e0 domicile et au travail. Le PAMFC ne devrait pas \u00eatre consid\u00e9r\u00e9 comme un traitement des maladies mentales ou des probl\u00e8mes d\u2019accoutumance.<\/p>\n<p>Par exemple, ils peuvent aider \u00e0 g\u00e9rer les soucis suivants:<\/p>\n\n\t\t<\/div>\n\t<\/div>\n<div class=\"vc_row wpb_row vc_inner vc_row-fluid\"><div class=\"wpb_column vc_column_container vc_col-sm-6\"><div class=\"vc_column-inner\"><div class=\"wpb_wrapper\">\n\t<div class=\"wpb_text_column wpb_content_element\" >\n\t\t<div class=\"wpb_wrapper\">\n\t\t\t<ul>\n<li>conflits de couple et familial(e)<\/li>\n<li>relations interpersonnelles<\/li>\n<li>questions personnelles et \u00e9motionnelles<\/li>\n<\/ul>\n\n\t\t<\/div>\n\t<\/div>\n<\/div><\/div><\/div><div class=\"wpb_column vc_column_container vc_col-sm-6\"><div class=\"vc_column-inner\"><div class=\"wpb_wrapper\">\n\t<div class=\"wpb_text_column wpb_content_element\" >\n\t\t<div class=\"wpb_wrapper\">\n\t\t\t<ul>\n<li>\u00e9puisement professionnel<\/li>\n<li>soucis li\u00e9s au travail, y compris le harc\u00e8lement et l\u2019aggression sexuelle<\/li>\n<li>probl\u00e8mes li\u00e9s \u00e0 l\u2019alcool, la drogue et les m\u00e9dicaments sur ordonnance<\/li>\n<\/ul>\n\n\t\t<\/div>\n\t<\/div>\n<\/div><\/div><\/div><\/div>\n\t<div class=\"wpb_text_column wpb_content_element\" >\n\t\t<div class=\"wpb_wrapper\">\n\t\t\t<p class=\"translation-block\">Il y a deux fa\u00e7ons de communiquer avec le PAM afin d\u2019\u00eatre r\u00e9f\u00e9r\u00e9 ou aiguill\u00e9 \u00e0 un professionnel de la sant\u00e9 mentale pour du soutien psychologique :\n\nPar t\u00e9l\u00e9phone au 1-800-268-7708 (ATS : 1-800-567-5803 pour les personnes sourdes ou malentendantes), 24 heures par jour et 365 jours par ann\u00e9e.\nPar clavardage \u00e0 l\u2019aide de n\u2019importe quel appareil muni d\u2019une connexion internet au le service de clavardage du Programme d'aide aux employ\u00e9s (PAE) (mot de passe : canada), du lundi au vendredi, de 8 h \u00e0 19 h 30 (heure de l\u2019Est), \u00e0 l'exception des jours f\u00e9ri\u00e9s<\/p>\n\n\t\t<\/div>\n\t<\/div>\n<\/div><\/div><\/div><\/div><div data-stellar-offset-parent=\"true\"  class=\"vc_row wpb_row vc_row-fluid content-padding\"><div  class=\"wpb_column vc_column_container vc_col-sm-6\"><div class=\"vc_column-inner\" style=\"\" ><div class=\"wpb_wrapper\">\n\t<div class=\"wpb_text_column wpb_content_element\" >\n\t\t<div class=\"wpb_wrapper\">\n\t\t\t<h2><span style=\"color: #071d49;\">Services de r\u00e9orientation professionnelle<\/span><\/h2>\n\n\t\t<\/div>\n\t<\/div>\n\n\t<div class=\"wpb_text_column wpb_content_element\" >\n\t\t<div class=\"wpb_wrapper\">\n\t\t\t<p>Administered by Veteran\u2019s Affairs Canada <a href=\"http:\/\/www.veterans.gc.ca\"><span style=\"color: #9b2743;\">http:\/\/www.veterans.gc.ca<\/span><\/a><\/p>\n\n\t\t<\/div>\n\t<\/div>\n\n\t<div class=\"wpb_text_column wpb_content_element\" >\n\t\t<div class=\"wpb_wrapper\">\n\t\t\t<p>Les Services de r\u00e9orientation professionnelle peuvent vous aider \u00e0 trouver la carri\u00e8re qui vous convient le mieux.\n\nAu cours de votre service, vous avez acquis des comp\u00e9tences et des connaissances qui peuvent vous \u00eatre utiles dans une nouvelle carri\u00e8re. Vous travaillerez avec des conseillers qualifi\u00e9s qui comprennent la transition que vous vivez, de la vie militaire \u00e0 la vie apr\u00e8s le service.\n\nPour tous vos besoins de r\u00e9orientation professionnelle, ce service offre ce qui suit :\n\norientation professionnelle personnalis\u00e9e;\naide \u00e0 la r\u00e9daction de curriculum vit\u00e6;\npr\u00e9paration aux entrevues;\nrecherche d'emploi;\ndans certains cas, placement.<\/p>\n<p>Obtenir de l'aide pour remplir votre demande\nLe personnel d'un bureau d'ACC ou d'un Centre de transition peut vous aider. Appelez nous au 1-866-522-2022. <span style=\"color: #071d49;\">1-866-522-2122.<\/span><\/p>\n<p>For information on the new Career Transition Benefit from VAC: <a href=\"https:\/\/www.veterans.gc.ca\/eng\/education-and-jobs\/finding-a-job\/career-transition-services\"><span style=\"color: #9b2743;\">Education and Jobs<\/span><\/a><\/p>\n<p>For information on the new VAC Education and Training benefit:<a href=\"https:\/\/www.veterans.gc.ca\/eng\/education-and-jobs\/finding-a-job\/career-transition-services\"> <span style=\"color: #9b2743;\">Education and Training<\/span><\/a><\/p>\n\n\t\t<\/div>\n\t<\/div>\n<\/div><\/div><\/div><div  class=\"wpb_column vc_column_container vc_col-sm-6\"><div class=\"vc_column-inner\" style=\"\" ><div class=\"wpb_wrapper\">\n\t<div class=\"wpb_single_image wpb_content_element vc_align_left   xtd-offset-frame\">\n\t\t\n\t\t<figure class=\"wpb_wrapper vc_figure\">\n\t\t\t<div class=\"vc_single_image-wrapper   vc_box_border_grey\"><img loading=\"lazy\" decoding=\"async\" width=\"1000\" height=\"571\" src=\"https:\/\/cgg.ca\/wp-content\/uploads\/career-transition-services-image.jpg\" class=\"vc_single_image-img attachment-full\" alt=\"\" title=\"career transition services-image\" srcset=\"https:\/\/cgg.ca\/wp-content\/uploads\/career-transition-services-image.jpg 1000w, https:\/\/cgg.ca\/wp-content\/uploads\/career-transition-services-image-300x171.jpg 300w, https:\/\/cgg.ca\/wp-content\/uploads\/career-transition-services-image-768x439.jpg 768w, https:\/\/cgg.ca\/wp-content\/uploads\/career-transition-services-image-600x343.jpg 600w, https:\/\/cgg.ca\/wp-content\/uploads\/career-transition-services-image-750x428.jpg 750w\" sizes=\"auto, (max-width: 1000px) 100vw, 1000px\" \/><\/div>\n\t\t<\/figure>\n\t<\/div>\n<\/div><\/div><\/div><\/div><div data-stellar-offset-parent=\"true\"  class=\"vc_row wpb_row vc_row-fluid content-padding\"><div  class=\"wpb_column vc_column_container vc_col-sm-6\"><div class=\"vc_column-inner\" style=\"\" ><div class=\"wpb_wrapper\">\n\t<div class=\"wpb_text_column wpb_content_element\" >\n\t\t<div class=\"wpb_wrapper\">\n\t\t\t<h2><span style=\"color: #071d49;\">Guichet-Emplois<\/span><\/h2>\n\n\t\t<\/div>\n\t<\/div>\n\n\t<div class=\"wpb_text_column wpb_content_element\" >\n\t\t<div class=\"wpb_wrapper\">\n\t\t\t<p><a href=\"http:\/\/www.jobbank.gc.ca\"><span style=\"color: #9b2743;\">https:\/\/www.guichetemplois.gc.ca\/accueil <\/span><\/a><\/p>\n\n\t\t<\/div>\n\t<\/div>\n\n\t<div class=\"wpb_text_column wpb_content_element\" >\n\t\t<div class=\"wpb_wrapper\">\n\t\t\t<p>The landing page for the section aimed specifically at veterans can be found here: <a href=\"https:\/\/www.jobbank.gc.ca\/veterans\"><span style=\"color: #9b2743;\">https:\/\/www.guichetemplois.gc.ca\/veterans<\/span><\/a><\/p>\n\n\t\t<\/div>\n\t<\/div>\n<\/div><\/div><\/div><div  class=\"wpb_column vc_column_container vc_col-sm-6\"><div class=\"vc_column-inner\" style=\"\" ><div class=\"wpb_wrapper\">\n\t<div class=\"wpb_text_column wpb_content_element\" >\n\t\t<div class=\"wpb_wrapper\">\n\t\t\t<h2><span style=\"color: #071d49;\">Du R\u00e9giment aux B\u00e2timents<\/span><\/h2>\n\n\t\t<\/div>\n\t<\/div>\n\n\t<div class=\"wpb_text_column wpb_content_element\" >\n\t\t<div class=\"wpb_wrapper\">\n\t\t\t<p><a href=\"https:\/\/www.helmetstohardhats.ca\/fr\/home.htm\"><span style=\"color: #9b2743;\">https:\/\/www.helmetstohardhats.ca\/fr\/home.htm<\/span><\/a><\/p>\n\n\t\t<\/div>\n\t<\/div>\n\n\t<div class=\"wpb_text_column wpb_content_element\" >\n\t\t<div class=\"wpb_wrapper\">\n\t\t\t<p>Du R\u00e9giment aux B\u00e2timents (DRB) Canada est un organisme enregistr\u00e9 sans but lucratif qui offre des possibilit\u00e9s d\u2019emplois dans les secteurs de la construction et des industries connexes pour les militaires en transition et anciens militaires.<\/p>\n\n\t\t<\/div>\n\t<\/div>\n<\/div><\/div><\/div><\/div><div data-stellar-offset-parent=\"true\"  class=\"vc_row wpb_row vc_row-fluid content-padding\"><div  class=\"wpb_column vc_column_container vc_col-sm-6\"><div class=\"vc_column-inner\" style=\"\" ><div class=\"wpb_wrapper\">\n\t<div class=\"wpb_text_column wpb_content_element\" >\n\t\t<div class=\"wpb_wrapper\">\n\t\t\t<h2><span style=\"color: #071d49;\">Wounded Warrior<\/span><\/h2>\n\n\t\t<\/div>\n\t<\/div>\n\n\t<div class=\"wpb_text_column wpb_content_element\" >\n\t\t<div class=\"wpb_wrapper\">\n\t\t\t<p><a href=\"http:\/\/www.woundedwarriors.ca\"><span style=\"color: #9b2743;\">http:\/\/www.woundedwarriors.ca<\/span><\/a><\/p>\n\n\t\t<\/div>\n\t<\/div>\n\n\t<div class=\"wpb_text_column wpb_content_element\" >\n\t\t<div class=\"wpb_wrapper\">\n\t\t\t<p>\u00c0 titre de fournisseur de services de sant\u00e9 mentale, nous offrons un \u00e9ventail de programmes cliniques sp\u00e9cialement con\u00e7us pour r\u00e9pondre aux besoins uniques des anciens combattants, des premiers intervenants et leur famille.\n \n\nNotre programmes soutiennent les individus, les couples, les conjoints, les conjoints survivants et les enfants de ceux et celles qui servent ou qui ont servi notre pays et nos communaut\u00e9s.\n \n\nNous offrons \u00e9galement une formation de pointe en milieu de travail tenant compte des traumatismes visant \u00e0 contribuer \u00e0 faire en sorte que la gestion de l\u2019exposition aux traumatismes devienne une nouvelle norme professionnelle pour le personnel du service en uniforme. <a href=\"https:\/\/woundedwarriors.ca\/our-programs\/\"><span style=\"color: #9b2743;\">ici<\/span><\/a><\/p>\n\n\t\t<\/div>\n\t<\/div>\n<\/div><\/div><\/div><div  class=\"wpb_column vc_column_container vc_col-sm-6\"><div class=\"vc_column-inner\" style=\"\" ><div class=\"wpb_wrapper\"><\/div><\/div><\/div><\/div>\n<\/div>","protected":false},"excerpt":{"rendered":"Guide to Assistance for Grenadiers Rev (April, 2018) Outside of the assistance provided by the CGG Foundation, there are many other CAF programs and charitable organizations who support serving Grenadiers and veterans. Information on these other sources of support is detailed below. Canadian Armed Forces Morale and Welfare Services (CFMWS) www.cfmws.com CFMWS administers The Canadian Forces Personnel Assistance Fund (CFPAF), [...]","protected":false},"author":1,"featured_media":0,"parent":0,"menu_order":0,"comment_status":"closed","ping_status":"closed","template":"","meta":{"give_campaign_id":0,"pmpro_default_level":"","_price":"","_stock":"","_tribe_ticket_header":"","_tribe_default_ticket_provider":"","_tribe_ticket_capacity":"0","_ticket_start_date":"","_ticket_end_date":"","_tribe_ticket_show_description":"","_tribe_ticket_show_not_going":false,"_tribe_ticket_use_global_stock":"","_tribe_ticket_global_stock_level":"","_global_stock_mode":"","_global_stock_cap":"","_tribe_rsvp_for_event":"","_tribe_ticket_going_count":"","_tribe_ticket_not_going_count":"","_tribe_tickets_list":"[]","_tribe_ticket_has_attendee_info_fields":false,"footnotes":"","_tec_slr_enabled":"","_tec_slr_layout":""},"class_list":["post-294","page","type-page","status-publish","hentry","pmpro-has-access"],"campaignId":"","ticketed":false,"_links":{"self":[{"href":"https:\/\/cgg.ca\/fr_ca\/wp-json\/wp\/v2\/pages\/294","targetHints":{"allow":["GET"]}}],"collection":[{"href":"https:\/\/cgg.ca\/fr_ca\/wp-json\/wp\/v2\/pages"}],"about":[{"href":"https:\/\/cgg.ca\/fr_ca\/wp-json\/wp\/v2\/types\/page"}],"author":[{"embeddable":true,"href":"https:\/\/cgg.ca\/fr_ca\/wp-json\/wp\/v2\/users\/1"}],"replies":[{"embeddable":true,"href":"https:\/\/cgg.ca\/fr_ca\/wp-json\/wp\/v2\/comments?post=294"}],"version-history":[{"count":17,"href":"https:\/\/cgg.ca\/fr_ca\/wp-json\/wp\/v2\/pages\/294\/revisions"}],"predecessor-version":[{"id":2639,"href":"https:\/\/cgg.ca\/fr_ca\/wp-json\/wp\/v2\/pages\/294\/revisions\/2639"}],"wp:attachment":[{"href":"https:\/\/cgg.ca\/fr_ca\/wp-json\/wp\/v2\/media?parent=294"}],"curies":[{"name":"wp","href":"https:\/\/api.w.org\/{rel}","templated":true}]}}